{"id":2,"date":"2025-09-04T13:01:48","date_gmt":"2025-09-04T13:01:48","guid":{"rendered":"https:\/\/larraurilogisticasl.rkinformatika.online\/?page_id=2"},"modified":"2025-09-05T12:44:44","modified_gmt":"2025-09-05T12:44:44","slug":"inicio","status":"publish","type":"page","link":"https:\/\/larraurilogisticasl.com\/eu\/","title":{"rendered":"Hasiera"},"content":{"rendered":"\t\t<div data-elementor-type=\"wp-page\" data-elementor-id=\"2\" class=\"elementor elementor-2\" data-elementor-post-type=\"page\">\n\t\t\t\t\t\t<section class=\"elementor-section elementor-top-section elementor-element elementor-element-b44cbf8 elementor-section-boxed elementor-section-height-default elementor-section-height-default\" data-id=\"b44cbf8\" data-element_type=\"section\" data-e-type=\"section\" data-settings=\"{&quot;background_background&quot;:&quot;slideshow&quot;,&quot;background_slideshow_gallery&quot;:[{&quot;id&quot;:100,&quot;url&quot;:&quot;https:\\\/\\\/larraurilogisticasl.com\\\/wp-content\\\/uploads\\\/2025\\\/09\\\/2151541901.jpg&quot;},{&quot;id&quot;:95,&quot;url&quot;:&quot;https:\\\/\\\/larraurilogisticasl.com\\\/wp-content\\\/uploads\\\/2025\\\/09\\\/2151846017.jpg&quot;}],&quot;background_slideshow_ken_burns&quot;:&quot;yes&quot;,&quot;background_slideshow_loop&quot;:&quot;yes&quot;,&quot;background_slideshow_slide_duration&quot;:5000,&quot;background_slideshow_slide_transition&quot;:&quot;fade&quot;,&quot;background_slideshow_transition_duration&quot;:500,&quot;background_slideshow_ken_burns_zoom_direction&quot;:&quot;in&quot;}\">\n\t\t\t\t\t\t\t<div class=\"elementor-background-overlay\"><\/div>\n\t\t\t\t\t\t\t<div class=\"elementor-container elementor-column-gap-default\">\n\t\t\t\t\t<div class=\"elementor-column elementor-col-100 elementor-top-column elementor-element elementor-element-6421830\" data-id=\"6421830\" data-element_type=\"column\" data-e-type=\"column\">\n\t\t\t<div class=\"elementor-widget-wrap elementor-element-populated\">\n\t\t\t\t\t\t<div class=\"elementor-element elementor-element-29e49ff elementor-invisible elementor-widget elementor-widget-heading\" data-id=\"29e49ff\" data-element_type=\"widget\" data-e-type=\"widget\" data-settings=\"{&quot;_animation&quot;:&quot;fadeInUp&quot;}\" data-widget_type=\"heading.default\">\n\t\t\t\t\t<h2 class=\"elementor-heading-title elementor-size-default\">Transporte de Mercanc\u00edas<\/h2>\t\t\t\t<\/div>\n\t\t\t\t<div class=\"elementor-element elementor-element-6b23224 elementor-invisible elementor-widget elementor-widget-button\" data-id=\"6b23224\" data-element_type=\"widget\" data-e-type=\"widget\" data-settings=\"{&quot;_animation&quot;:&quot;fadeInDown&quot;}\" data-widget_type=\"button.default\">\n\t\t\t\t\t\t\t\t\t\t<a class=\"elementor-button elementor-button-link elementor-size-sm elementor-animation-push\" href=\"\/servicios\">\n\t\t\t\t\t\t<span class=\"elementor-button-content-wrapper\">\n\t\t\t\t\t\t\t\t\t<span class=\"elementor-button-text\">Servicios<\/span>\n\t\t\t\t\t<\/span>\n\t\t\t\t\t<\/a>\n\t\t\t\t\t\t\t\t<\/div>\n\t\t\t\t\t<\/div>\n\t\t<\/div>\n\t\t\t\t\t<\/div>\n\t\t<\/section>\n\t\t\t\t<section class=\"elementor-section elementor-top-section elementor-element elementor-element-35039e8 elementor-section-boxed elementor-section-height-default elementor-section-height-default\" data-id=\"35039e8\" data-element_type=\"section\" data-e-type=\"section\">\n\t\t\t\t\t\t<div class=\"elementor-container elementor-column-gap-default\">\n\t\t\t\t\t<div class=\"elementor-column elementor-col-50 elementor-top-column elementor-element elementor-element-ef97902\" data-id=\"ef97902\" data-element_type=\"column\" data-e-type=\"column\">\n\t\t\t<div class=\"elementor-widget-wrap elementor-element-populated\">\n\t\t\t\t\t\t<div class=\"elementor-element elementor-element-13633b9 elementor-widget elementor-widget-image\" data-id=\"13633b9\" data-element_type=\"widget\" data-e-type=\"widget\" data-widget_type=\"image.default\">\n\t\t\t\t\t\t\t\t\t\t\t\t\t\t\t<img fetchpriority=\"high\" decoding=\"async\" width=\"1000\" height=\"667\" src=\"https:\/\/larraurilogisticasl.com\/wp-content\/uploads\/2025\/09\/389902.jpg\" class=\"attachment-full size-full wp-image-96\" alt=\"\" srcset=\"https:\/\/larraurilogisticasl.com\/wp-content\/uploads\/2025\/09\/389902.jpg 1000w, https:\/\/larraurilogisticasl.com\/wp-content\/uploads\/2025\/09\/389902-300x200.jpg 300w, https:\/\/larraurilogisticasl.com\/wp-content\/uploads\/2025\/09\/389902-768x512.jpg 768w, https:\/\/larraurilogisticasl.com\/wp-content\/uploads\/2025\/09\/389902-18x12.jpg 18w\" sizes=\"(max-width: 1000px) 100vw, 1000px\" \/>\t\t\t\t\t\t\t\t\t\t\t\t\t\t\t<\/div>\n\t\t\t\t\t<\/div>\n\t\t<\/div>\n\t\t\t\t<div class=\"elementor-column elementor-col-50 elementor-top-column elementor-element elementor-element-1565a7d\" data-id=\"1565a7d\" data-element_type=\"column\" data-e-type=\"column\">\n\t\t\t<div class=\"elementor-widget-wrap elementor-element-populated\">\n\t\t\t\t\t\t<div class=\"elementor-element elementor-element-28e0505 elementor-widget-divider--view-line elementor-widget elementor-widget-divider\" data-id=\"28e0505\" data-element_type=\"widget\" data-e-type=\"widget\" data-widget_type=\"divider.default\">\n\t\t\t\t\t\t\t<div class=\"elementor-divider\">\n\t\t\t<span class=\"elementor-divider-separator\">\n\t\t\t\t\t\t<\/span>\n\t\t<\/div>\n\t\t\t\t\t\t<\/div>\n\t\t\t\t<div class=\"elementor-element elementor-element-ddf60fc elementor-invisible elementor-widget elementor-widget-heading\" data-id=\"ddf60fc\" data-element_type=\"widget\" data-e-type=\"widget\" data-settings=\"{&quot;_animation&quot;:&quot;fadeIn&quot;,&quot;_animation_delay&quot;:50}\" data-widget_type=\"heading.default\">\n\t\t\t\t\t<h2 class=\"elementor-heading-title elementor-size-default\">Historia<\/h2>\t\t\t\t<\/div>\n\t\t\t\t<div class=\"elementor-element elementor-element-7ffb451 eael-dual-header-content-align-left e-transform elementor-widget elementor-widget-eael-dual-color-header\" data-id=\"7ffb451\" data-element_type=\"widget\" data-e-type=\"widget\" data-settings=\"{&quot;_transform_skewX_effect&quot;:{&quot;unit&quot;:&quot;px&quot;,&quot;size&quot;:&quot;&quot;,&quot;sizes&quot;:[]},&quot;_transform_skewX_effect_tablet&quot;:{&quot;unit&quot;:&quot;deg&quot;,&quot;size&quot;:&quot;&quot;,&quot;sizes&quot;:[]},&quot;_transform_skewX_effect_mobile&quot;:{&quot;unit&quot;:&quot;deg&quot;,&quot;size&quot;:&quot;&quot;,&quot;sizes&quot;:[]},&quot;_transform_skewY_effect&quot;:{&quot;unit&quot;:&quot;px&quot;,&quot;size&quot;:&quot;&quot;,&quot;sizes&quot;:[]},&quot;_transform_skewY_effect_tablet&quot;:{&quot;unit&quot;:&quot;deg&quot;,&quot;size&quot;:&quot;&quot;,&quot;sizes&quot;:[]},&quot;_transform_skewY_effect_mobile&quot;:{&quot;unit&quot;:&quot;deg&quot;,&quot;size&quot;:&quot;&quot;,&quot;sizes&quot;:[]}}\" data-widget_type=\"eael-dual-color-header.default\">\n\t\t\t\t\t\t\t\t<div class=\"eael-dual-header\">\n\t\t\t\t<h1 class=\"title eael-dch-title\"><span class=\"eael-dch-title-text eael-dch-title-lead lead solid-color\">Sobre<br><\/span> <span class=\"eael-dch-title-text\">Nosotros<\/span><\/h1>\t\t\t<\/div>\n\n\t\t\t\t\t\t<\/div>\n\t\t\t\t<div class=\"elementor-element elementor-element-c59d06c elementor-widget elementor-widget-text-editor\" data-id=\"c59d06c\" data-element_type=\"widget\" data-e-type=\"widget\" data-widget_type=\"text-editor.default\">\n\t\t\t\t\t\t\t\t\t<p>Empresa dedicada al transporte de mercanc\u00edas, con una amplia experiencia en el sector y ofreciendo servicios altamente eficientes y personalizados, dise\u00f1ados para satisfacer de manera integral todas sus necesidades log\u00edsticas y de distribuci\u00f3n. Nuestro compromiso es garantizar un servicio de calidad que supere las expectativas de nuestros clientes, adapt\u00e1ndonos a los cambios del mercado y a la demanda espec\u00edfica de cada cliente.<\/p>\t\t\t\t\t\t\t\t<\/div>\n\t\t\t\t\t<\/div>\n\t\t<\/div>\n\t\t\t\t\t<\/div>\n\t\t<\/section>\n\t\t\t\t<section class=\"elementor-section elementor-top-section elementor-element elementor-element-7b0ddaf elementor-section-boxed elementor-section-height-default elementor-section-height-default\" data-id=\"7b0ddaf\" data-element_type=\"section\" data-e-type=\"section\">\n\t\t\t\t\t\t<div class=\"elementor-container elementor-column-gap-default\">\n\t\t\t\t\t<div class=\"elementor-column elementor-col-50 elementor-top-column elementor-element elementor-element-fe742fa\" data-id=\"fe742fa\" data-element_type=\"column\" data-e-type=\"column\">\n\t\t\t<div class=\"elementor-widget-wrap elementor-element-populated\">\n\t\t\t\t\t\t<div class=\"elementor-element elementor-element-efd05ad eael-dual-header-content-align-left e-transform elementor-widget elementor-widget-eael-dual-color-header\" data-id=\"efd05ad\" data-element_type=\"widget\" data-e-type=\"widget\" data-settings=\"{&quot;_transform_skewX_effect&quot;:{&quot;unit&quot;:&quot;px&quot;,&quot;size&quot;:&quot;&quot;,&quot;sizes&quot;:[]},&quot;_transform_skewX_effect_tablet&quot;:{&quot;unit&quot;:&quot;deg&quot;,&quot;size&quot;:&quot;&quot;,&quot;sizes&quot;:[]},&quot;_transform_skewX_effect_mobile&quot;:{&quot;unit&quot;:&quot;deg&quot;,&quot;size&quot;:&quot;&quot;,&quot;sizes&quot;:[]},&quot;_transform_skewY_effect&quot;:{&quot;unit&quot;:&quot;px&quot;,&quot;size&quot;:&quot;&quot;,&quot;sizes&quot;:[]},&quot;_transform_skewY_effect_tablet&quot;:{&quot;unit&quot;:&quot;deg&quot;,&quot;size&quot;:&quot;&quot;,&quot;sizes&quot;:[]},&quot;_transform_skewY_effect_mobile&quot;:{&quot;unit&quot;:&quot;deg&quot;,&quot;size&quot;:&quot;&quot;,&quot;sizes&quot;:[]}}\" data-widget_type=\"eael-dual-color-header.default\">\n\t\t\t\t\t\t\t\t<div class=\"eael-dual-header\">\n\t\t\t\t<h1 class=\"title eael-dch-title\"><span class=\"eael-dch-title-text eael-dch-title-lead lead solid-color\">Emocionante<br><\/span> <span class=\"eael-dch-title-text\">nunca fue tan f\u00e1cil<\/span><\/h1>\t\t\t<\/div>\n\n\t\t\t\t\t\t<\/div>\n\t\t\t\t<div class=\"elementor-element elementor-element-a4ae9f6 elementor-widget-divider--view-line elementor-widget elementor-widget-divider\" data-id=\"a4ae9f6\" data-element_type=\"widget\" data-e-type=\"widget\" data-widget_type=\"divider.default\">\n\t\t\t\t\t\t\t<div class=\"elementor-divider\">\n\t\t\t<span class=\"elementor-divider-separator\">\n\t\t\t\t\t\t<\/span>\n\t\t<\/div>\n\t\t\t\t\t\t<\/div>\n\t\t\t\t<div class=\"elementor-element elementor-element-7467b67 elementor-invisible elementor-widget elementor-widget-heading\" data-id=\"7467b67\" data-element_type=\"widget\" data-e-type=\"widget\" data-settings=\"{&quot;_animation&quot;:&quot;fadeIn&quot;,&quot;_animation_delay&quot;:50}\" data-widget_type=\"heading.default\">\n\t\t\t\t\t<h2 class=\"elementor-heading-title elementor-size-default\">entrega rapida y segura<\/h2>\t\t\t\t<\/div>\n\t\t\t\t\t<\/div>\n\t\t<\/div>\n\t\t\t\t<div class=\"elementor-column elementor-col-50 elementor-top-column elementor-element elementor-element-e54d586\" data-id=\"e54d586\" data-element_type=\"column\" data-e-type=\"column\">\n\t\t\t<div class=\"elementor-widget-wrap elementor-element-populated\">\n\t\t\t\t\t\t<div class=\"elementor-element elementor-element-c4896ca elementor-widget elementor-widget-image\" data-id=\"c4896ca\" data-element_type=\"widget\" data-e-type=\"widget\" data-widget_type=\"image.default\">\n\t\t\t\t\t\t\t\t\t\t\t\t\t\t\t<img decoding=\"async\" width=\"1500\" height=\"841\" src=\"https:\/\/larraurilogisticasl.com\/wp-content\/uploads\/2025\/09\/2151541873.jpg\" class=\"attachment-full size-full wp-image-99\" alt=\"\" srcset=\"https:\/\/larraurilogisticasl.com\/wp-content\/uploads\/2025\/09\/2151541873.jpg 1500w, https:\/\/larraurilogisticasl.com\/wp-content\/uploads\/2025\/09\/2151541873-300x168.jpg 300w, https:\/\/larraurilogisticasl.com\/wp-content\/uploads\/2025\/09\/2151541873-1024x574.jpg 1024w, https:\/\/larraurilogisticasl.com\/wp-content\/uploads\/2025\/09\/2151541873-768x431.jpg 768w, https:\/\/larraurilogisticasl.com\/wp-content\/uploads\/2025\/09\/2151541873-18x10.jpg 18w\" sizes=\"(max-width: 1500px) 100vw, 1500px\" \/>\t\t\t\t\t\t\t\t\t\t\t\t\t\t\t<\/div>\n\t\t\t\t\t<\/div>\n\t\t<\/div>\n\t\t\t\t\t<\/div>\n\t\t<\/section>\n\t\t<div class=\"elementor-element elementor-element-0356e9f e-flex e-con-boxed e-con e-parent\" data-id=\"0356e9f\" data-element_type=\"container\" data-e-type=\"container\" data-settings=\"{&quot;background_background&quot;:&quot;classic&quot;}\">\n\t\t\t\t\t<div class=\"e-con-inner\">\n\t\t\t\t<div class=\"elementor-element elementor-element-2abb6e8 elementor-invisible elementor-widget elementor-widget-heading\" data-id=\"2abb6e8\" data-element_type=\"widget\" data-e-type=\"widget\" data-settings=\"{&quot;_animation&quot;:&quot;fadeInDown&quot;}\" data-widget_type=\"heading.default\">\n\t\t\t\t\t<h2 class=\"elementor-heading-title elementor-size-default\">\u00a1Empresa de transporte con experiencia y eficiencia!<\/h2>\t\t\t\t<\/div>\n\t\t\t\t<div class=\"elementor-element elementor-element-621d189 elementor-invisible elementor-widget elementor-widget-button\" data-id=\"621d189\" data-element_type=\"widget\" data-e-type=\"widget\" data-settings=\"{&quot;_animation&quot;:&quot;fadeInDown&quot;}\" data-widget_type=\"button.default\">\n\t\t\t\t\t\t\t\t\t\t<a class=\"elementor-button elementor-button-link elementor-size-sm elementor-animation-push\" href=\"\/servicios\">\n\t\t\t\t\t\t<span class=\"elementor-button-content-wrapper\">\n\t\t\t\t\t\t\t\t\t<span class=\"elementor-button-text\">Servicios<\/span>\n\t\t\t\t\t<\/span>\n\t\t\t\t\t<\/a>\n\t\t\t\t\t\t\t\t<\/div>\n\t\t\t\t\t<\/div>\n\t\t\t\t<\/div>\n\t\t\t\t<section class=\"elementor-section elementor-top-section elementor-element elementor-element-dd218a1 elementor-section-boxed elementor-section-height-default elementor-section-height-default\" data-id=\"dd218a1\" data-element_type=\"section\" data-e-type=\"section\">\n\t\t\t\t\t\t<div class=\"elementor-container elementor-column-gap-default\">\n\t\t\t\t\t<div class=\"elementor-column elementor-col-50 elementor-top-column elementor-element elementor-element-c7ff94e\" data-id=\"c7ff94e\" data-element_type=\"column\" data-e-type=\"column\">\n\t\t\t<div class=\"elementor-widget-wrap elementor-element-populated\">\n\t\t\t\t\t\t<div class=\"elementor-element elementor-element-e1d7abf elementor-widget elementor-widget-image\" data-id=\"e1d7abf\" data-element_type=\"widget\" data-e-type=\"widget\" data-widget_type=\"image.default\">\n\t\t\t\t\t\t\t\t\t\t\t\t\t\t\t<img decoding=\"async\" width=\"1500\" height=\"1012\" src=\"https:\/\/larraurilogisticasl.com\/wp-content\/uploads\/2025\/09\/2151751316.jpg\" class=\"attachment-full size-full wp-image-94\" alt=\"\" srcset=\"https:\/\/larraurilogisticasl.com\/wp-content\/uploads\/2025\/09\/2151751316.jpg 1500w, https:\/\/larraurilogisticasl.com\/wp-content\/uploads\/2025\/09\/2151751316-300x202.jpg 300w, https:\/\/larraurilogisticasl.com\/wp-content\/uploads\/2025\/09\/2151751316-1024x691.jpg 1024w, https:\/\/larraurilogisticasl.com\/wp-content\/uploads\/2025\/09\/2151751316-768x518.jpg 768w, https:\/\/larraurilogisticasl.com\/wp-content\/uploads\/2025\/09\/2151751316-18x12.jpg 18w\" sizes=\"(max-width: 1500px) 100vw, 1500px\" \/>\t\t\t\t\t\t\t\t\t\t\t\t\t\t\t<\/div>\n\t\t\t\t\t<\/div>\n\t\t<\/div>\n\t\t\t\t<div class=\"elementor-column elementor-col-50 elementor-top-column elementor-element elementor-element-210f540\" data-id=\"210f540\" data-element_type=\"column\" data-e-type=\"column\">\n\t\t\t<div class=\"elementor-widget-wrap elementor-element-populated\">\n\t\t\t\t\t\t<div class=\"elementor-element elementor-element-15a9cbd eael-dual-header-content-align-left e-transform elementor-widget elementor-widget-eael-dual-color-header\" data-id=\"15a9cbd\" data-element_type=\"widget\" data-e-type=\"widget\" data-settings=\"{&quot;_transform_skewX_effect&quot;:{&quot;unit&quot;:&quot;px&quot;,&quot;size&quot;:&quot;&quot;,&quot;sizes&quot;:[]},&quot;_transform_skewX_effect_tablet&quot;:{&quot;unit&quot;:&quot;deg&quot;,&quot;size&quot;:&quot;&quot;,&quot;sizes&quot;:[]},&quot;_transform_skewX_effect_mobile&quot;:{&quot;unit&quot;:&quot;deg&quot;,&quot;size&quot;:&quot;&quot;,&quot;sizes&quot;:[]},&quot;_transform_skewY_effect&quot;:{&quot;unit&quot;:&quot;px&quot;,&quot;size&quot;:&quot;&quot;,&quot;sizes&quot;:[]},&quot;_transform_skewY_effect_tablet&quot;:{&quot;unit&quot;:&quot;deg&quot;,&quot;size&quot;:&quot;&quot;,&quot;sizes&quot;:[]},&quot;_transform_skewY_effect_mobile&quot;:{&quot;unit&quot;:&quot;deg&quot;,&quot;size&quot;:&quot;&quot;,&quot;sizes&quot;:[]}}\" data-widget_type=\"eael-dual-color-header.default\">\n\t\t\t\t\t\t\t\t<div class=\"eael-dual-header\">\n\t\t\t\t<h1 class=\"title eael-dch-title\"><span class=\"eael-dch-title-text eael-dch-title-lead lead solid-color\">Log\u00edstica <br><\/span> <span class=\"eael-dch-title-text\">de transporte<\/span><\/h1>\t\t\t<\/div>\n\n\t\t\t\t\t\t<\/div>\n\t\t\t\t<div class=\"elementor-element elementor-element-e7ef907 elementor-widget-divider--view-line elementor-widget elementor-widget-divider\" data-id=\"e7ef907\" data-element_type=\"widget\" data-e-type=\"widget\" data-widget_type=\"divider.default\">\n\t\t\t\t\t\t\t<div class=\"elementor-divider\">\n\t\t\t<span class=\"elementor-divider-separator\">\n\t\t\t\t\t\t<\/span>\n\t\t<\/div>\n\t\t\t\t\t\t<\/div>\n\t\t\t\t<div class=\"elementor-element elementor-element-f5b7980 elementor-invisible elementor-widget elementor-widget-heading\" data-id=\"f5b7980\" data-element_type=\"widget\" data-e-type=\"widget\" data-settings=\"{&quot;_animation&quot;:&quot;fadeIn&quot;,&quot;_animation_delay&quot;:50}\" data-widget_type=\"heading.default\">\n\t\t\t\t\t<h2 class=\"elementor-heading-title elementor-size-default\">transporte y mercancia segura<\/h2>\t\t\t\t<\/div>\n\t\t\t\t\t<\/div>\n\t\t<\/div>\n\t\t\t\t\t<\/div>\n\t\t<\/section>\n\t\t\t\t<\/div>\n\t\t","protected":false},"excerpt":{"rendered":"<p>Transporte de Mercanc\u00edas Servicios Historia Sobre Nosotros Empresa dedicada al transporte de mercanc\u00edas, con una amplia experiencia en el sector y ofreciendo servicios altamente eficientes y personalizados, dise\u00f1ados para satisfacer de manera integral todas sus necesidades log\u00edsticas y de distribuci\u00f3n. Nuestro compromiso es garantizar un servicio de calidad que supere las expectativas de nuestros clientes, [&hellip;]<\/p>\n","protected":false},"author":1,"featured_media":0,"parent":0,"menu_order":0,"comment_status":"closed","ping_status":"closed","template":"elementor_canvas","meta":{"footnotes":""},"class_list":["post-2","page","type-page","status-publish","hentry"],"yoast_head":"<!-- This site is optimized with the Yoast SEO plugin v27.5 - https:\/\/yoast.com\/product\/yoast-seo-wordpress\/ -->\n<title>Inicio - Larrauri Logistica S.L.<\/title>\n<meta name=\"robots\" content=\"index, follow, max-snippet:-1, max-image-preview:large, max-video-preview:-1\" \/>\n<link rel=\"canonical\" href=\"https:\/\/larraurilogisticasl.com\/eu\/\" \/>\n<meta property=\"og:locale\" content=\"en_US\" \/>\n<meta property=\"og:type\" content=\"article\" \/>\n<meta property=\"og:title\" content=\"Inicio - Larrauri Logistica S.L.\" \/>\n<meta property=\"og:description\" content=\"Transporte de Mercanc\u00edas Servicios Historia Sobre Nosotros Empresa dedicada al transporte de mercanc\u00edas, con una amplia experiencia en el sector y ofreciendo servicios altamente eficientes y personalizados, dise\u00f1ados para satisfacer de manera integral todas sus necesidades log\u00edsticas y de distribuci\u00f3n. Nuestro compromiso es garantizar un servicio de calidad que supere las expectativas de nuestros clientes, [&hellip;]\" \/>\n<meta property=\"og:url\" content=\"https:\/\/larraurilogisticasl.com\/eu\/\" \/>\n<meta property=\"og:site_name\" content=\"Larrauri Logistica S.L.\" \/>\n<meta property=\"article:modified_time\" content=\"2025-09-05T12:44:44+00:00\" \/>\n<meta property=\"og:image\" content=\"https:\/\/larraurilogisticasl.com\/wp-content\/uploads\/2025\/09\/389902.jpg\" \/>\n<meta name=\"twitter:card\" content=\"summary_large_image\" \/>\n<meta name=\"twitter:label1\" content=\"Est. reading time\" \/>\n\t<meta name=\"twitter:data1\" content=\"1 minutua\" \/>\n<script type=\"application\/ld+json\" class=\"yoast-schema-graph\">{\"@context\":\"https:\\\/\\\/schema.org\",\"@graph\":[{\"@type\":\"WebPage\",\"@id\":\"https:\\\/\\\/larraurilogisticasl.com\\\/\",\"url\":\"https:\\\/\\\/larraurilogisticasl.com\\\/\",\"name\":\"Inicio - Larrauri Logistica S.L.\",\"isPartOf\":{\"@id\":\"https:\\\/\\\/larraurilogisticasl.com\\\/#website\"},\"primaryImageOfPage\":{\"@id\":\"https:\\\/\\\/larraurilogisticasl.com\\\/#primaryimage\"},\"image\":{\"@id\":\"https:\\\/\\\/larraurilogisticasl.com\\\/#primaryimage\"},\"thumbnailUrl\":\"https:\\\/\\\/larraurilogisticasl.com\\\/wp-content\\\/uploads\\\/2025\\\/09\\\/389902.jpg\",\"datePublished\":\"2025-09-04T13:01:48+00:00\",\"dateModified\":\"2025-09-05T12:44:44+00:00\",\"breadcrumb\":{\"@id\":\"https:\\\/\\\/larraurilogisticasl.com\\\/#breadcrumb\"},\"inLanguage\":\"eu\",\"potentialAction\":[{\"@type\":\"ReadAction\",\"target\":[\"https:\\\/\\\/larraurilogisticasl.com\\\/\"]}]},{\"@type\":\"ImageObject\",\"inLanguage\":\"eu\",\"@id\":\"https:\\\/\\\/larraurilogisticasl.com\\\/#primaryimage\",\"url\":\"https:\\\/\\\/larraurilogisticasl.com\\\/wp-content\\\/uploads\\\/2025\\\/09\\\/389902.jpg\",\"contentUrl\":\"https:\\\/\\\/larraurilogisticasl.com\\\/wp-content\\\/uploads\\\/2025\\\/09\\\/389902.jpg\"},{\"@type\":\"BreadcrumbList\",\"@id\":\"https:\\\/\\\/larraurilogisticasl.com\\\/#breadcrumb\",\"itemListElement\":[{\"@type\":\"ListItem\",\"position\":1,\"name\":\"Portada\",\"item\":\"https:\\\/\\\/larraurilogisticasl.com\\\/\"},{\"@type\":\"ListItem\",\"position\":2,\"name\":\"Inicio\"}]},{\"@type\":\"WebSite\",\"@id\":\"https:\\\/\\\/larraurilogisticasl.com\\\/#website\",\"url\":\"https:\\\/\\\/larraurilogisticasl.com\\\/\",\"name\":\"Larrauri Logistica S.L.\",\"description\":\"Larrauri Logistica S.L.\",\"publisher\":{\"@id\":\"https:\\\/\\\/larraurilogisticasl.com\\\/#organization\"},\"potentialAction\":[{\"@type\":\"SearchAction\",\"target\":{\"@type\":\"EntryPoint\",\"urlTemplate\":\"https:\\\/\\\/larraurilogisticasl.com\\\/?s={search_term_string}\"},\"query-input\":{\"@type\":\"PropertyValueSpecification\",\"valueRequired\":true,\"valueName\":\"search_term_string\"}}],\"inLanguage\":\"eu\"},{\"@type\":\"Organization\",\"@id\":\"https:\\\/\\\/larraurilogisticasl.com\\\/#organization\",\"name\":\"Larrauri Logistica S.L.\",\"url\":\"https:\\\/\\\/larraurilogisticasl.com\\\/\",\"logo\":{\"@type\":\"ImageObject\",\"inLanguage\":\"eu\",\"@id\":\"https:\\\/\\\/larraurilogisticasl.com\\\/#\\\/schema\\\/logo\\\/image\\\/\",\"url\":\"https:\\\/\\\/larraurilogisticasl.com\\\/wp-content\\\/uploads\\\/2025\\\/09\\\/cropped-B95069191.png\",\"contentUrl\":\"https:\\\/\\\/larraurilogisticasl.com\\\/wp-content\\\/uploads\\\/2025\\\/09\\\/cropped-B95069191.png\",\"width\":1024,\"height\":505,\"caption\":\"Larrauri Logistica S.L.\"},\"image\":{\"@id\":\"https:\\\/\\\/larraurilogisticasl.com\\\/#\\\/schema\\\/logo\\\/image\\\/\"}}]}<\/script>\n<!-- \/ Yoast SEO plugin. -->","yoast_head_json":{"title":"Inicio - Larrauri Logistica S.L.","robots":{"index":"index","follow":"follow","max-snippet":"max-snippet:-1","max-image-preview":"max-image-preview:large","max-video-preview":"max-video-preview:-1"},"canonical":"https:\/\/larraurilogisticasl.com\/eu\/","og_locale":"en_US","og_type":"article","og_title":"Inicio - Larrauri Logistica S.L.","og_description":"Transporte de Mercanc\u00edas Servicios Historia Sobre Nosotros Empresa dedicada al transporte de mercanc\u00edas, con una amplia experiencia en el sector y ofreciendo servicios altamente eficientes y personalizados, dise\u00f1ados para satisfacer de manera integral todas sus necesidades log\u00edsticas y de distribuci\u00f3n. Nuestro compromiso es garantizar un servicio de calidad que supere las expectativas de nuestros clientes, [&hellip;]","og_url":"https:\/\/larraurilogisticasl.com\/eu\/","og_site_name":"Larrauri Logistica S.L.","article_modified_time":"2025-09-05T12:44:44+00:00","og_image":[{"url":"https:\/\/larraurilogisticasl.com\/wp-content\/uploads\/2025\/09\/389902.jpg","type":"","width":"","height":""}],"twitter_card":"summary_large_image","twitter_misc":{"Est. reading time":"1 minutua"},"schema":{"@context":"https:\/\/schema.org","@graph":[{"@type":"WebPage","@id":"https:\/\/larraurilogisticasl.com\/","url":"https:\/\/larraurilogisticasl.com\/","name":"Inicio - Larrauri Logistica S.L.","isPartOf":{"@id":"https:\/\/larraurilogisticasl.com\/#website"},"primaryImageOfPage":{"@id":"https:\/\/larraurilogisticasl.com\/#primaryimage"},"image":{"@id":"https:\/\/larraurilogisticasl.com\/#primaryimage"},"thumbnailUrl":"https:\/\/larraurilogisticasl.com\/wp-content\/uploads\/2025\/09\/389902.jpg","datePublished":"2025-09-04T13:01:48+00:00","dateModified":"2025-09-05T12:44:44+00:00","breadcrumb":{"@id":"https:\/\/larraurilogisticasl.com\/#breadcrumb"},"inLanguage":"eu","potentialAction":[{"@type":"ReadAction","target":["https:\/\/larraurilogisticasl.com\/"]}]},{"@type":"ImageObject","inLanguage":"eu","@id":"https:\/\/larraurilogisticasl.com\/#primaryimage","url":"https:\/\/larraurilogisticasl.com\/wp-content\/uploads\/2025\/09\/389902.jpg","contentUrl":"https:\/\/larraurilogisticasl.com\/wp-content\/uploads\/2025\/09\/389902.jpg"},{"@type":"BreadcrumbList","@id":"https:\/\/larraurilogisticasl.com\/#breadcrumb","itemListElement":[{"@type":"ListItem","position":1,"name":"Portada","item":"https:\/\/larraurilogisticasl.com\/"},{"@type":"ListItem","position":2,"name":"Inicio"}]},{"@type":"WebSite","@id":"https:\/\/larraurilogisticasl.com\/#website","url":"https:\/\/larraurilogisticasl.com\/","name":"Larrauri Logistica S.L.","description":"Larrauri Logistica S.L.","publisher":{"@id":"https:\/\/larraurilogisticasl.com\/#organization"},"potentialAction":[{"@type":"SearchAction","target":{"@type":"EntryPoint","urlTemplate":"https:\/\/larraurilogisticasl.com\/?s={search_term_string}"},"query-input":{"@type":"PropertyValueSpecification","valueRequired":true,"valueName":"search_term_string"}}],"inLanguage":"eu"},{"@type":"Organization","@id":"https:\/\/larraurilogisticasl.com\/#organization","name":"Larrauri Logistica S.L.","url":"https:\/\/larraurilogisticasl.com\/","logo":{"@type":"ImageObject","inLanguage":"eu","@id":"https:\/\/larraurilogisticasl.com\/#\/schema\/logo\/image\/","url":"https:\/\/larraurilogisticasl.com\/wp-content\/uploads\/2025\/09\/cropped-B95069191.png","contentUrl":"https:\/\/larraurilogisticasl.com\/wp-content\/uploads\/2025\/09\/cropped-B95069191.png","width":1024,"height":505,"caption":"Larrauri Logistica S.L."},"image":{"@id":"https:\/\/larraurilogisticasl.com\/#\/schema\/logo\/image\/"}}]}},"_links":{"self":[{"href":"https:\/\/larraurilogisticasl.com\/eu\/wp-json\/wp\/v2\/pages\/2","targetHints":{"allow":["GET"]}}],"collection":[{"href":"https:\/\/larraurilogisticasl.com\/eu\/wp-json\/wp\/v2\/pages"}],"about":[{"href":"https:\/\/larraurilogisticasl.com\/eu\/wp-json\/wp\/v2\/types\/page"}],"author":[{"embeddable":true,"href":"https:\/\/larraurilogisticasl.com\/eu\/wp-json\/wp\/v2\/users\/1"}],"replies":[{"embeddable":true,"href":"https:\/\/larraurilogisticasl.com\/eu\/wp-json\/wp\/v2\/comments?post=2"}],"version-history":[{"count":43,"href":"https:\/\/larraurilogisticasl.com\/eu\/wp-json\/wp\/v2\/pages\/2\/revisions"}],"predecessor-version":[{"id":274,"href":"https:\/\/larraurilogisticasl.com\/eu\/wp-json\/wp\/v2\/pages\/2\/revisions\/274"}],"wp:attachment":[{"href":"https:\/\/larraurilogisticasl.com\/eu\/wp-json\/wp\/v2\/media?parent=2"}],"curies":[{"name":"wp","href":"https:\/\/api.w.org\/{rel}","templated":true}]}}